{"id":1101,"date":"2022-02-15T15:22:15","date_gmt":"2022-02-15T15:22:15","guid":{"rendered":"https:\/\/avadawebsites.wpengine.com\/car-dealership\/?page_id=1101"},"modified":"2024-12-14T17:15:13","modified_gmt":"2024-12-14T17:15:13","slug":"ueber-uns","status":"publish","type":"page","link":"https:\/\/parts4cars.digitalambition.ch\/?page_id=1101","title":{"rendered":"\u00dcber uns"},"content":{"rendered":"<p><div class=\"fusion-fullwidth fullwidth-box fusion-builder-row-1 fusion-flex-container has-pattern-background has-mask-background gradient-container-1 nonhundred-percent-fullwidth non-hundred-percent-height-scrolling\" style=\"--awb-border-radius-top-left:0px;--awb-border-radius-top-right:0px;--awb-border-radius-bottom-right:0px;--awb-border-radius-bottom-left:0px;--awb-padding-top:0px;--awb-margin-top:0px;--awb-flex-wrap:wrap;\" ><div class=\"fusion-builder-row fusion-row fusion-flex-align-items-flex-start fusion-flex-content-wrap\" style=\"max-width:1393.6px;margin-left: calc(-4% \/ 2 );margin-right: calc(-4% \/ 2 );\"><div class=\"fusion-layout-column fusion_builder_column fusion-builder-column-0 fusion_builder_column_1_1 1_1 fusion-flex-column\" style=\"--awb-bg-size:cover;--awb-width-large:100%;--awb-margin-top-large:0px;--awb-spacing-right-large:1.92%;--awb-margin-bottom-large:20px;--awb-spacing-left-large:1.92%;--awb-width-medium:100%;--awb-order-medium:0;--awb-spacing-right-medium:1.92%;--awb-spacing-left-medium:1.92%;--awb-width-small:100%;--awb-order-small:0;--awb-spacing-right-small:1.92%;--awb-spacing-left-small:1.92%;\"><div class=\"fusion-column-wrapper fusion-column-has-shadow fusion-flex-justify-content-flex-start fusion-content-layout-column\"><div class=\"elegant-special-heading special-heading-align-center \"><div class=\"elegant-special-heading-wrapper\"><h2 class=\"elegant-special-heading-title\" style=\"font-size:28px;\">Parts4Cars \u2013 Qualit\u00e4tsteile, die bewegen!<\/h2><div class=\"elegant-special-heading-description\" style=\"font-size:18px;\"><p>Ihr Partner f\u00fcr hochwertige Ersatzteile und zuverl\u00e4ssigen Service<\/p>\n<\/div><\/div><\/div><div class=\"fusion-image-element \" style=\"text-align:center;--awb-caption-title-font-family:var(--h2_typography-font-family);--awb-caption-title-font-weight:var(--h2_typography-font-weight);--awb-caption-title-font-style:var(--h2_typography-font-style);--awb-caption-title-size:var(--h2_typography-font-size);--awb-caption-title-transform:var(--h2_typography-text-transform);--awb-caption-title-line-height:var(--h2_typography-line-height);--awb-caption-title-letter-spacing:var(--h2_typography-letter-spacing);\"><span class=\" fusion-imageframe imageframe-none imageframe-1 hover-type-zoomin\"><img decoding=\"async\" width=\"300\" height=\"155\" title=\"bujarponik-02_mala\" src=\"https:\/\/parts4cars.digitalambition.ch\/wp-content\/uploads\/2024\/12\/bujarponik-02_mala.png\" data-orig-src=\"https:\/\/parts4cars.digitalambition.ch\/wp-content\/uploads\/2024\/12\/bujarponik-02_mala-300x155.png\" alt class=\"lazyload img-responsive wp-image-2381\" srcset=\"data:image\/svg+xml,%3Csvg%20xmlns%3D%27http%3A%2F%2Fwww.w3.org%2F2000%2Fsvg%27%20width%3D%273627%27%20height%3D%271868%27%20viewBox%3D%270%200%203627%201868%27%3E%3Crect%20width%3D%273627%27%20height%3D%271868%27%20fill-opacity%3D%220%22%2F%3E%3C%2Fsvg%3E\" data-srcset=\"https:\/\/parts4cars.digitalambition.ch\/wp-content\/uploads\/2024\/12\/bujarponik-02_mala-200x103.png 200w, https:\/\/parts4cars.digitalambition.ch\/wp-content\/uploads\/2024\/12\/bujarponik-02_mala-400x206.png 400w, https:\/\/parts4cars.digitalambition.ch\/wp-content\/uploads\/2024\/12\/bujarponik-02_mala-600x309.png 600w, https:\/\/parts4cars.digitalambition.ch\/wp-content\/uploads\/2024\/12\/bujarponik-02_mala-800x412.png 800w, https:\/\/parts4cars.digitalambition.ch\/wp-content\/uploads\/2024\/12\/bujarponik-02_mala-1200x618.png 1200w\" data-sizes=\"auto\" data-orig-sizes=\"(max-width: 800px) 100vw, 300px\" \/><\/span><\/div><\/div><\/div><\/div><\/div><div class=\"fusion-fullwidth fullwidth-box fusion-builder-row-2 fusion-flex-container gradient-container-2 nonhundred-percent-fullwidth non-hundred-percent-height-scrolling\" style=\"--awb-border-radius-top-left:0px;--awb-border-radius-top-right:0px;--awb-border-radius-bottom-right:0px;--awb-border-radius-bottom-left:0px;--awb-padding-top:0px;--awb-margin-top:30px;--awb-margin-bottom:50px;--awb-flex-wrap:wrap;\" ><div class=\"fusion-builder-row fusion-row fusion-flex-align-items-flex-start fusion-flex-content-wrap\" style=\"max-width:1393.6px;margin-left: calc(-4% \/ 2 );margin-right: calc(-4% \/ 2 );\"><div class=\"fusion-layout-column fusion_builder_column fusion-builder-column-1 fusion_builder_column_2_5 2_5 fusion-flex-column\" style=\"--awb-bg-size:cover;--awb-width-large:40%;--awb-margin-top-large:0px;--awb-spacing-right-large:4.8%;--awb-margin-bottom-large:0px;--awb-spacing-left-large:4.8%;--awb-width-medium:40%;--awb-order-medium:0;--awb-spacing-right-medium:4.8%;--awb-spacing-left-medium:4.8%;--awb-width-small:100%;--awb-order-small:0;--awb-spacing-right-small:1.92%;--awb-spacing-left-small:1.92%;\"><div class=\"fusion-column-wrapper fusion-column-has-shadow fusion-flex-justify-content-flex-start fusion-content-layout-column\"><div class=\"fusion-title title fusion-title-1 fusion-sep-none fusion-title-text fusion-title-size-two\"><h2 class=\"fusion-title-heading title-heading-left\" style=\"margin:0;text-transform:capitalize;\">Unser Team<\/h2><\/div><div class=\"fusion-image-element \" style=\"--awb-max-width:60px;--awb-caption-title-font-family:var(--h2_typography-font-family);--awb-caption-title-font-weight:var(--h2_typography-font-weight);--awb-caption-title-font-style:var(--h2_typography-font-style);--awb-caption-title-size:var(--h2_typography-font-size);--awb-caption-title-transform:var(--h2_typography-text-transform);--awb-caption-title-line-height:var(--h2_typography-line-height);--awb-caption-title-letter-spacing:var(--h2_typography-letter-spacing);\"><span class=\" fusion-imageframe imageframe-none imageframe-2 hover-type-none\"><img decoding=\"async\" width=\"118\" height=\"14\" title=\"heading-separator\" src=\"data:image\/svg+xml,%3Csvg%20xmlns%3D%27http%3A%2F%2Fwww.w3.org%2F2000%2Fsvg%27%20width%3D%27118%27%20height%3D%2714%27%20viewBox%3D%270%200%20118%2014%27%3E%3Crect%20width%3D%27118%27%20height%3D%2714%27%20fill-opacity%3D%220%22%2F%3E%3C%2Fsvg%3E\" data-orig-src=\"https:\/\/parts4cars.digitalambition.ch\/wp-content\/uploads\/2021\/12\/heading-separator.png\" alt class=\"lazyload img-responsive wp-image-167\"\/><\/span><\/div><\/div><\/div><div class=\"fusion-layout-column fusion_builder_column fusion-builder-column-2 fusion_builder_column_1_2 1_2 fusion-flex-column\" style=\"--awb-bg-size:cover;--awb-width-large:50%;--awb-margin-top-large:0px;--awb-spacing-right-large:0%;--awb-margin-bottom-large:0px;--awb-spacing-left-large:3.84%;--awb-width-medium:50%;--awb-order-medium:0;--awb-spacing-right-medium:0%;--awb-spacing-left-medium:3.84%;--awb-width-small:100%;--awb-order-small:0;--awb-spacing-right-small:1.92%;--awb-spacing-left-small:1.92%;\"><div class=\"fusion-column-wrapper fusion-column-has-shadow fusion-flex-justify-content-flex-start fusion-content-layout-column\"><div class=\"fusion-text fusion-text-1\" style=\"--awb-font-size:var(--awb-typography2-font-size);--awb-line-height:var(--awb-typography2-line-height);--awb-letter-spacing:var(--awb-typography2-letter-spacing);--awb-text-transform:var(--awb-typography2-text-transform);--awb-text-color:var(--awb-color6);--awb-margin-top:10px;--awb-text-font-family:var(--awb-typography2-font-family);--awb-text-font-weight:var(--awb-typography2-font-weight);--awb-text-font-style:var(--awb-typography2-font-style);\"><p>Unser engagiertes zweik\u00f6pfiges Team steht Ihnen mit Fachwissen und pers\u00f6nlichem Service zur Seite, um die besten L\u00f6sungen f\u00fcr Ihr Fahrzeug zu finden.<\/p>\n<\/div><\/div><\/div><\/div><\/div><div class=\"fusion-fullwidth fullwidth-box fusion-builder-row-3 fusion-flex-container has-pattern-background has-mask-background gradient-container-3 nonhundred-percent-fullwidth non-hundred-percent-height-scrolling\" style=\"--awb-border-radius-top-left:0px;--awb-border-radius-top-right:0px;--awb-border-radius-bottom-right:0px;--awb-border-radius-bottom-left:0px;--awb-flex-wrap:wrap;\" ><div class=\"fusion-builder-row fusion-row fusion-flex-align-items-flex-start fusion-flex-content-wrap\" style=\"max-width:1393.6px;margin-left: calc(-4% \/ 2 );margin-right: calc(-4% \/ 2 );\"><div class=\"fusion-layout-column fusion_builder_column fusion-builder-column-3 fusion_builder_column_1_1 1_1 fusion-flex-column\" style=\"--awb-bg-size:cover;--awb-width-large:100%;--awb-margin-top-large:0px;--awb-spacing-right-large:1.92%;--awb-margin-bottom-large:20px;--awb-spacing-left-large:1.92%;--awb-width-medium:100%;--awb-order-medium:0;--awb-spacing-right-medium:1.92%;--awb-spacing-left-medium:1.92%;--awb-width-small:100%;--awb-order-small:0;--awb-spacing-right-small:1.92%;--awb-spacing-left-small:1.92%;\"><div class=\"fusion-column-wrapper fusion-column-has-shadow fusion-flex-justify-content-flex-start fusion-content-layout-column\"><div class=\"fusion-image-carousel fusion-image-carousel-auto fusion-image-carousel-1\"><div class=\"awb-carousel awb-swiper awb-swiper-carousel\" data-autoplay=\"no\" data-columns=\"2\" data-itemmargin=\"10\" data-itemwidth=\"180\" data-touchscroll=\"no\" data-imagesize=\"auto\" data-scrollitems=\"1\" style=\"--awb-columns:2;--awb-column-spacing:10px;--awb-caption-title-color:var(--awb-color3);--awb-caption-title-size:var(--awb-typography1-font-size);--awb-caption-title-transform:var(--awb-typography1-text-transform);--awb-caption-title-line-height:var(--awb-typography1-line-height);--awb-caption-title-letter-spacing:var(--awb-typography1-letter-spacing);--awb-caption-text-color:#ffffff;--awb-caption-text-size:var(--awb-typography2-font-size);--awb-caption-text-transform:var(--awb-typography2-text-transform);--awb-caption-text-line-height:var(--awb-typography2-line-height);--awb-caption-text-letter-spacing:var(--awb-typography2-letter-spacing);--awb-caption-overlay-color:#222222;--awb-caption-title-font-family:var(--awb-typography1-font-family);--awb-caption-title-font-weight:var(--awb-typography1-font-weight);--awb-caption-title-font-style:var(--awb-typography1-font-style);--awb-caption-text-font-family:var(--awb-typography2-font-family);--awb-caption-text-font-weight:var(--awb-typography2-font-weight);--awb-caption-text-font-style:var(--awb-typography2-font-style);\"><div class=\"swiper-wrapper awb-image-carousel-wrapper fusion-flex-align-items-center\"><div class=\"swiper-slide\"><div class=\"fusion-carousel-item-wrapper\"><div class=\"fusion-image-wrapper awb-imageframe-style awb-imageframe-style-navin\"><img decoding=\"async\" width=\"2048\" height=\"1365\" src=\"https:\/\/parts4cars.digitalambition.ch\/wp-content\/uploads\/2024\/12\/ShootingGarage-37_web-2048x1365-1.jpg\" class=\"attachment-full size-full lazyload\" alt=\"\" srcset=\"data:image\/svg+xml,%3Csvg%20xmlns%3D%27http%3A%2F%2Fwww.w3.org%2F2000%2Fsvg%27%20width%3D%272048%27%20height%3D%271365%27%20viewBox%3D%270%200%202048%201365%27%3E%3Crect%20width%3D%272048%27%20height%3D%271365%27%20fill-opacity%3D%220%22%2F%3E%3C%2Fsvg%3E\" data-orig-src=\"https:\/\/parts4cars.digitalambition.ch\/wp-content\/uploads\/2024\/12\/ShootingGarage-37_web-2048x1365-1.jpg\" data-srcset=\"https:\/\/parts4cars.digitalambition.ch\/wp-content\/uploads\/2024\/12\/ShootingGarage-37_web-2048x1365-1-200x133.jpg 200w, https:\/\/parts4cars.digitalambition.ch\/wp-content\/uploads\/2024\/12\/ShootingGarage-37_web-2048x1365-1-400x267.jpg 400w, https:\/\/parts4cars.digitalambition.ch\/wp-content\/uploads\/2024\/12\/ShootingGarage-37_web-2048x1365-1-600x400.jpg 600w, https:\/\/parts4cars.digitalambition.ch\/wp-content\/uploads\/2024\/12\/ShootingGarage-37_web-2048x1365-1-800x533.jpg 800w, https:\/\/parts4cars.digitalambition.ch\/wp-content\/uploads\/2024\/12\/ShootingGarage-37_web-2048x1365-1-1200x800.jpg 1200w, https:\/\/parts4cars.digitalambition.ch\/wp-content\/uploads\/2024\/12\/ShootingGarage-37_web-2048x1365-1.jpg 2048w\" data-sizes=\"auto\" \/><div class=\"awb-imageframe-caption-container\"><div class=\"awb-imageframe-caption\"><h2 class=\"awb-imageframe-caption-title\">Bujar Ponik<\/h2><p class=\"awb-imageframe-caption-text\">Gesch\u00e4ftsinhaber\/ CEO<\/p><\/div><\/div><\/div><\/div><\/div><div class=\"swiper-slide\"><div class=\"fusion-carousel-item-wrapper\"><div class=\"fusion-image-wrapper awb-imageframe-style awb-imageframe-style-navin\"><img decoding=\"async\" width=\"2048\" height=\"1365\" src=\"https:\/\/parts4cars.digitalambition.ch\/wp-content\/uploads\/2024\/12\/ShootingGarage-23_web-2048x1365_.jpg\" class=\"attachment-full size-full lazyload\" alt=\"\" srcset=\"data:image\/svg+xml,%3Csvg%20xmlns%3D%27http%3A%2F%2Fwww.w3.org%2F2000%2Fsvg%27%20width%3D%272048%27%20height%3D%271365%27%20viewBox%3D%270%200%202048%201365%27%3E%3Crect%20width%3D%272048%27%20height%3D%271365%27%20fill-opacity%3D%220%22%2F%3E%3C%2Fsvg%3E\" data-orig-src=\"https:\/\/parts4cars.digitalambition.ch\/wp-content\/uploads\/2024\/12\/ShootingGarage-23_web-2048x1365_.jpg\" data-srcset=\"https:\/\/parts4cars.digitalambition.ch\/wp-content\/uploads\/2024\/12\/ShootingGarage-23_web-2048x1365_-200x133.jpg 200w, https:\/\/parts4cars.digitalambition.ch\/wp-content\/uploads\/2024\/12\/ShootingGarage-23_web-2048x1365_-400x267.jpg 400w, https:\/\/parts4cars.digitalambition.ch\/wp-content\/uploads\/2024\/12\/ShootingGarage-23_web-2048x1365_-600x400.jpg 600w, https:\/\/parts4cars.digitalambition.ch\/wp-content\/uploads\/2024\/12\/ShootingGarage-23_web-2048x1365_-800x533.jpg 800w, https:\/\/parts4cars.digitalambition.ch\/wp-content\/uploads\/2024\/12\/ShootingGarage-23_web-2048x1365_-1200x800.jpg 1200w, https:\/\/parts4cars.digitalambition.ch\/wp-content\/uploads\/2024\/12\/ShootingGarage-23_web-2048x1365_.jpg 2048w\" data-sizes=\"auto\" \/><div class=\"awb-imageframe-caption-container\"><div class=\"awb-imageframe-caption\"><h2 class=\"awb-imageframe-caption-title\">Emir Pracic<\/h2><p class=\"awb-imageframe-caption-text\">Gesch\u00e4ftsinhaber\/ CEO<\/p><\/div><\/div><\/div><\/div><\/div><\/div><\/div><\/div><\/div><\/div><\/div><\/div><div class=\"fusion-fullwidth fullwidth-box fusion-builder-row-4 fusion-flex-container has-pattern-background has-mask-background gradient-container-4 nonhundred-percent-fullwidth non-hundred-percent-height-scrolling\" style=\"--awb-border-radius-top-left:0px;--awb-border-radius-top-right:0px;--awb-border-radius-bottom-right:0px;--awb-border-radius-bottom-left:0px;--awb-flex-wrap:wrap;\" ><div class=\"fusion-builder-row fusion-row fusion-flex-align-items-flex-start fusion-flex-content-wrap\" style=\"max-width:1393.6px;margin-left: calc(-4% \/ 2 );margin-right: calc(-4% \/ 2 );\"><div class=\"fusion-layout-column fusion_builder_column fusion-builder-column-4 fusion_builder_column_1_1 1_1 fusion-flex-column\" style=\"--awb-bg-size:cover;--awb-width-large:100%;--awb-margin-top-large:0px;--awb-spacing-right-large:1.92%;--awb-margin-bottom-large:20px;--awb-spacing-left-large:1.92%;--awb-width-medium:100%;--awb-order-medium:0;--awb-spacing-right-medium:1.92%;--awb-spacing-left-medium:1.92%;--awb-width-small:100%;--awb-order-small:0;--awb-spacing-right-small:1.92%;--awb-spacing-left-small:1.92%;\"><div class=\"fusion-column-wrapper fusion-column-has-shadow fusion-flex-justify-content-flex-start fusion-content-layout-column\"><div class=\"fusion-content-boxes content-boxes columns row fusion-columns-3 fusion-columns-total-3 fusion-content-boxes-1 content-boxes-clean-horizontal content-left content-boxes-icon-on-side fusion-delayed-animation\" style=\"--awb-backgroundcolor:var(--awb-color2);--awb-body-color:var(--awb-color7);--awb-title-color:var(--awb-color8);--awb-iconcolor:var(--awb-color1);--awb-margin-bottom:0px;--awb-hover-accent-color:var(--awb-color8);--awb-circle-hover-accent-color:var(--awb-color8);\" data-animation-delay=\"500\" data-animationOffset=\"top-into-view\"><div style=\"--awb-backgroundcolor:var(--awb-color1);--awb-iconcolor:var(--awb-color1);--awb-content-padding-left:68px;border-color:hsla(var(--awb-color1-h),var(--awb-color1-s),var(--awb-color1-l),calc(var(--awb-color1-a) - 100%));\" class=\"fusion-column content-box-column content-box-column content-box-column-1 col-lg-4 col-md-4 col-sm-4 fusion-content-box-hover content-box-column-first-in-row\"><div class=\"col content-box-wrapper content-wrapper-background link-area-link-icon link-type-text icon-hover-animation-slide fusion-animated\" data-animationType=\"fadeInLeft\" data-animationDuration=\"2.0\" data-animationOffset=\"top-into-view\"><div class=\"heading heading-with-icon icon-left\"><a class=\"heading-link\" href=\"#\" target=\"_self\"><div class=\"icon\" style=\"-webkit-animation-duration: 500ms;animation-duration: 500ms;\"><i style=\"border-color:var(--awb-color8);border-width:0px;background-color:var(--awb-color5);box-sizing:content-box;height:48px;width:48px;line-height:48px;border-radius:8px;font-size:24px;\" aria-hidden=\"true\" class=\"fontawesome-icon fa-warehouse fas circle-yes\"><\/i><\/div><h3 class=\"content-box-heading fusion-responsive-typography-calculated\" style=\"--h3_typography-font-size:24px;--fontSize:24;line-height:var(--awb-typography1-line-height);padding-left:68px;\">Unsere Geschichte<\/h3><\/a><\/div><div class=\"fusion-clearfix\"><\/div><div class=\"content-container\">Die Geschichte von Parts4Cars begann mit der \u00dcberzeugung, dass Fahrzeuge mehr sind als nur Transportmittel. Sie sind Ausdruck von Pers\u00f6nlichkeit, Stolz und Leidenschaft. Emir und Bujar, beide mit einer langj\u00e4hrigen Erfahrung in der Automobilbranche, teilen die Vision, Autobesitzern Zugang zu hochwertigen Originalteilen f\u00fcr ihre Fahrzeuge zu verschaffen.<\/div><\/div><\/div><div style=\"--awb-backgroundcolor:var(--awb-color1);--awb-iconcolor:var(--awb-color1);--awb-content-padding-left:68px;border-color:hsla(var(--awb-color1-h),var(--awb-color1-s),var(--awb-color1-l),calc(var(--awb-color1-a) - 100%));\" class=\"fusion-column content-box-column content-box-column content-box-column-2 col-lg-4 col-md-4 col-sm-4 fusion-content-box-hover \"><div class=\"col content-box-wrapper content-wrapper-background link-area-link-icon link-type-text icon-hover-animation-slide fusion-animated\" data-animationType=\"fadeInLeft\" data-animationDuration=\"2.0\" data-animationOffset=\"top-into-view\"><div class=\"heading heading-with-icon icon-left\"><a class=\"heading-link\" href=\"#\" target=\"_self\"><div class=\"icon\" style=\"-webkit-animation-duration: 500ms;animation-duration: 500ms;\"><i style=\"border-color:var(--awb-color8);border-width:0px;background-color:var(--awb-color5);box-sizing:content-box;height:48px;width:48px;line-height:48px;border-radius:8px;font-size:24px;\" aria-hidden=\"true\" class=\"fontawesome-icon fa-rocket fas circle-yes\"><\/i><\/div><h3 class=\"content-box-heading fusion-responsive-typography-calculated\" style=\"--h3_typography-font-size:24px;--fontSize:24;line-height:var(--awb-typography1-line-height);padding-left:68px;\">Unsere Mission<\/h3><\/a><\/div><div class=\"fusion-clearfix\"><\/div><div class=\"content-container\">\n<p>Unsere Mission bei Parts4Cars ist es, eine umfassende Auswahl an Originalteilen f\u00fcr verschiedene Automarken anzubieten, um sicherzustellen, dass Fahrzeuge in Bestform bleiben. Wir setzen auf Qualit\u00e4t, Zuverl\u00e4ssigkeit und erstklassigen Kundenservice, um Ihren Anforderungen gerecht zu werden.<\/p>\n<\/div><\/div><\/div><div style=\"--awb-backgroundcolor:var(--awb-color1);--awb-iconcolor:var(--awb-color1);--awb-content-padding-left:68px;border-color:hsla(var(--awb-color1-h),var(--awb-color1-s),var(--awb-color1-l),calc(var(--awb-color1-a) - 100%));\" class=\"fusion-column content-box-column content-box-column content-box-column-3 col-lg-4 col-md-4 col-sm-4 fusion-content-box-hover content-box-column-last content-box-column-last-in-row\"><div class=\"col content-box-wrapper content-wrapper-background link-area-link-icon link-type-text icon-hover-animation-slide fusion-animated\" data-animationType=\"fadeInLeft\" data-animationDuration=\"2.0\" data-animationOffset=\"top-into-view\"><div class=\"heading heading-with-icon icon-left\"><a class=\"heading-link\" href=\"#\" target=\"_self\"><div class=\"icon\" style=\"-webkit-animation-duration: 500ms;animation-duration: 500ms;\"><i style=\"border-color:var(--awb-color8);border-width:0px;background-color:var(--awb-color5);box-sizing:content-box;height:48px;width:48px;line-height:48px;border-radius:8px;font-size:24px;\" aria-hidden=\"true\" class=\"fontawesome-icon fa-hands-helping fas circle-yes\"><\/i><\/div><h3 class=\"content-box-heading fusion-responsive-typography-calculated\" style=\"--h3_typography-font-size:24px;--fontSize:24;line-height:var(--awb-typography1-line-height);padding-left:68px;\">Unser Versprechen<\/h3><\/a><\/div><div class=\"fusion-clearfix\"><\/div><div class=\"content-container\">\n<p>Bei Parts4Cars stehen Qualit\u00e4t, Kundenzufriedenheit und Originalit\u00e4t im Mittelpunkt unseres Handelns. Wir sind stolz darauf, Ihre Anlaufstelle f\u00fcr Originalteile zu sein und freuen uns darauf, Sie auf Ihrer Reise durch die Welt der Autoteile zu begleiten.<\/p>\n<\/div><\/div><\/div><div class=\"fusion-clearfix\"><\/div><\/div><\/div><\/div><\/div><\/div><\/p>\n","protected":false},"excerpt":{"rendered":"","protected":false},"author":1,"featured_media":1746,"parent":0,"menu_order":0,"comment_status":"closed","ping_status":"closed","template":"100-width.php","meta":{"_acf_changed":false,"footnotes":""},"class_list":["post-1101","page","type-page","status-publish","has-post-thumbnail","hentry"],"acf":[],"_links":{"self":[{"href":"https:\/\/parts4cars.digitalambition.ch\/index.php?rest_route=\/wp\/v2\/pages\/1101","targetHints":{"allow":["GET"]}}],"collection":[{"href":"https:\/\/parts4cars.digitalambition.ch\/index.php?rest_route=\/wp\/v2\/pages"}],"about":[{"href":"https:\/\/parts4cars.digitalambition.ch\/index.php?rest_route=\/wp\/v2\/types\/page"}],"author":[{"embeddable":true,"href":"https:\/\/parts4cars.digitalambition.ch\/index.php?rest_route=\/wp\/v2\/users\/1"}],"replies":[{"embeddable":true,"href":"https:\/\/parts4cars.digitalambition.ch\/index.php?rest_route=%2Fwp%2Fv2%2Fcomments&post=1101"}],"version-history":[{"count":8,"href":"https:\/\/parts4cars.digitalambition.ch\/index.php?rest_route=\/wp\/v2\/pages\/1101\/revisions"}],"predecessor-version":[{"id":2498,"href":"https:\/\/parts4cars.digitalambition.ch\/index.php?rest_route=\/wp\/v2\/pages\/1101\/revisions\/2498"}],"wp:featuredmedia":[{"embeddable":true,"href":"https:\/\/parts4cars.digitalambition.ch\/index.php?rest_route=\/wp\/v2\/media\/1746"}],"wp:attachment":[{"href":"https:\/\/parts4cars.digitalambition.ch\/index.php?rest_route=%2Fwp%2Fv2%2Fmedia&parent=1101"}],"curies":[{"name":"wp","href":"https:\/\/api.w.org\/{rel}","templated":true}]}}